{"id":3071,"date":"2018-10-19T00:12:25","date_gmt":"2018-10-18T22:12:25","guid":{"rendered":"https:\/\/brewerianabotellas.wordpress.com\/?page_id=45"},"modified":"2022-09-03T19:20:01","modified_gmt":"2022-09-03T17:20:01","slug":"breweriana-2","status":"publish","type":"page","link":"https:\/\/elabuelocervecero.es\/?page_id=3071","title":{"rendered":"BREWERIANA"},"content":{"rendered":"<div class=\"entry-content\">\n<div class=\"entry-content-wrap\">\n<h2 style=\"text-align: justify;\"><em><strong>La Breweriana es la especialidad de coleccionismo referente al mundo de la cerveza, su nombre proviene del t\u00e9rmino Brewery (f\u00e1brica de cerveza).<\/strong><\/em><\/h2>\n<h2 style=\"text-align: justify;\"><em><strong>Los coleccionistas de los de Estados Unidos fueron los primeros en utilizar este t\u00e9rmino y a trav\u00e9s de los a\u00f1os se ha ido expandiendo por todo el mundo, en la actualidad existen multitud de aficionados a est\u00e1 tem\u00e1tica del coleccionismo.<\/strong><\/em><\/h2>\n<\/div>\n<\/div>\n<h3 style=\"text-align: center;\">Mi coleccion breweriana se compone de 8 apartados:<\/h3>\n<table class=\" aligncenter\" style=\"height: 1103px;\" border=\"0\" width=\"315\">\n<tbody>\n<tr>\n<td style=\"text-align: center;\" width=\"194\">\n<h4><strong><a href=\"http:\/\/elabuelocervecero.es\/?page_id=3072\">Botellas<\/a><\/strong><\/h4>\n<h4><strong>(llenas y vacias)<\/strong><\/h4>\n<\/td>\n<td style=\"text-align: right;\" width=\"62\">\n<h4 style=\"text-align: center;\"><strong>17.000<\/strong><\/h4>\n<\/td>\n<\/tr>\n<tr>\n<td width=\"194\"><\/td>\n<td width=\"62\"><\/td>\n<\/tr>\n<tr>\n<td style=\"text-align: center;\" width=\"194\">\n<h4><a href=\"http:\/\/elabuelocervecero.es\/?page_id=3073\"><strong>Cristaleria<\/strong><\/a><\/h4>\n<h4><strong> (vasos, copas y jarras)<\/strong><\/h4>\n<\/td>\n<td style=\"text-align: right;\" width=\"62\">\n<h4 style=\"text-align: center;\"><strong>2.500<\/strong><\/h4>\n<\/td>\n<\/tr>\n<tr>\n<td width=\"194\"><\/td>\n<td width=\"62\"><\/td>\n<\/tr>\n<tr>\n<td style=\"text-align: center;\" width=\"194\">\n<h4><a href=\"http:\/\/elabuelocervecero.es\/?page_id=3074\"><strong>Posavasos<\/strong><\/a><\/h4>\n<\/td>\n<td style=\"text-align: right;\" width=\"62\">\n<h4 style=\"text-align: center;\"><strong>2.400<\/strong><\/h4>\n<\/td>\n<\/tr>\n<tr>\n<td width=\"194\"><\/td>\n<td width=\"62\"><\/td>\n<\/tr>\n<tr>\n<td style=\"text-align: center;\" width=\"194\">\n<h4><a href=\"http:\/\/elabuelocervecero.es\/?page_id=3075\"><strong>Etiquetas<\/strong><\/a><\/h4>\n<\/td>\n<td style=\"text-align: right;\" width=\"62\">\n<h4 style=\"text-align: center;\"><strong>13.000<\/strong><\/h4>\n<\/td>\n<\/tr>\n<tr>\n<td width=\"194\"><\/td>\n<td width=\"62\"><\/td>\n<\/tr>\n<tr>\n<td style=\"text-align: center;\" width=\"194\">\n<h4><a href=\"http:\/\/elabuelocervecero.es\/?page_id=3076\"><strong>Chapas<\/strong><\/a><\/h4>\n<\/td>\n<td style=\"text-align: right;\" width=\"62\">\n<h4 style=\"text-align: center;\"><strong>400<\/strong><\/h4>\n<\/td>\n<\/tr>\n<tr>\n<td><\/td>\n<td><\/td>\n<\/tr>\n<tr>\n<td style=\"text-align: center;\">\n<h4><a href=\"http:\/\/elabuelocervecero.es\/?page_id=3077\"><strong>Jarras ceramica<\/strong><\/a><\/h4>\n<\/td>\n<td style=\"text-align: right;\">\n<h4 style=\"text-align: center;\"><strong>21<\/strong><\/h4>\n<\/td>\n<\/tr>\n<tr>\n<td><\/td>\n<td><\/td>\n<\/tr>\n<tr>\n<td style=\"text-align: center;\">\n<h4><a href=\"http:\/\/elabuelocervecero.es\/?page_id=3078\"><strong>Latas<\/strong><\/a><\/h4>\n<\/td>\n<td style=\"text-align: right;\">\n<h4 style=\"text-align: center;\"><strong>136<\/strong><\/h4>\n<\/td>\n<\/tr>\n<tr>\n<td><\/td>\n<td><\/td>\n<\/tr>\n<tr>\n<td style=\"text-align: center;\">\n<h4><a href=\"http:\/\/elabuelocervecero.es\/?page_id=3079\"><strong>Otros objetos<\/strong><\/a><\/h4>\n<h4><strong>(llaveros, toallas, libros,&#8230;)<\/strong><\/h4>\n<\/td>\n<td style=\"text-align: right;\">\n<h4 style=\"text-align: center;\"><strong>90<\/strong><\/h4>\n<\/td>\n<\/tr>\n<tr>\n<td><\/td>\n<td><\/td>\n<\/tr>\n<\/tbody>\n<\/table>\n","protected":false},"excerpt":{"rendered":"<p>La Breweriana es la especialidad de coleccionismo referente al mundo de la cerveza, su nombre proviene del t\u00e9rmino Brewery (f\u00e1brica de cerveza). Los coleccionistas de los de Estados Unidos fueron los primeros en utilizar este t\u00e9rmino y a trav\u00e9s de los a\u00f1os se ha ido expandiendo por todo el mundo, en la actualidad existen multitud de aficionados a est\u00e1 tem\u00e1tica del coleccionismo. Mi coleccion breweriana se compone de 8 apartados: Botellas (llenas y vacias) 17.000 Cristaleria (vasos, copas y jarras) 2.500 Posavasos 2.400 Etiquetas 13.000 Chapas 400 Jarras ceramica 21 Latas 136 Otros objetos (llaveros, toallas, libros,&#8230;) 90<\/p>\n","protected":false},"author":1,"featured_media":1109,"parent":0,"menu_order":0,"comment_status":"closed","ping_status":"closed","template":"","meta":{"jetpack_post_was_ever_published":false,"footnotes":""},"class_list":["post-3071","page","type-page","status-publish","has-post-thumbnail","hentry"],"yoast_head":"<!-- This site is optimized with the Yoast SEO plugin v25.6 - https:\/\/yoast.com\/wordpress\/plugins\/seo\/ -->\n<title>BREWERIANA - EL ABUELO CERVECERO<\/title>\n<meta name=\"robots\" content=\"index, follow, max-snippet:-1, max-image-preview:large, max-video-preview:-1\" \/>\n<link rel=\"canonical\" href=\"https:\/\/elabuelocervecero.es\/?page_id=3071\" \/>\n<meta property=\"og:locale\" content=\"es_ES\" \/>\n<meta property=\"og:type\" content=\"article\" \/>\n<meta property=\"og:title\" content=\"BREWERIANA - EL ABUELO CERVECERO\" \/>\n<meta property=\"og:description\" content=\"La Breweriana es la especialidad de coleccionismo referente al mundo de la cerveza, su nombre proviene del t\u00e9rmino Brewery (f\u00e1brica de cerveza). Los coleccionistas de los de Estados Unidos fueron los primeros en utilizar este t\u00e9rmino y a trav\u00e9s de los a\u00f1os se ha ido expandiendo por todo el mundo, en la actualidad existen multitud de aficionados a est\u00e1 tem\u00e1tica del coleccionismo. Mi coleccion breweriana se compone de 8 apartados: Botellas (llenas y vacias) 17.000 Cristaleria (vasos, copas y jarras) 2.500 Posavasos 2.400 Etiquetas 13.000 Chapas 400 Jarras ceramica 21 Latas 136 Otros objetos (llaveros, toallas, libros,&#8230;) 90\" \/>\n<meta property=\"og:url\" content=\"https:\/\/elabuelocervecero.es\/?page_id=3071\" \/>\n<meta property=\"og:site_name\" content=\"EL ABUELO CERVECERO\" \/>\n<meta property=\"article:publisher\" content=\"http:\/\/abuelocervecero\" \/>\n<meta property=\"article:modified_time\" content=\"2022-09-03T17:20:01+00:00\" \/>\n<meta name=\"twitter:card\" content=\"summary_large_image\" \/>\n<meta name=\"twitter:site\" content=\"@ABUELOCERVECERO\" \/>\n<meta name=\"twitter:label1\" content=\"Tiempo de lectura\" \/>\n\t<meta name=\"twitter:data1\" content=\"1 minuto\" \/>\n<script type=\"application\/ld+json\" class=\"yoast-schema-graph\">{\"@context\":\"https:\/\/schema.org\",\"@graph\":[{\"@type\":\"WebPage\",\"@id\":\"https:\/\/elabuelocervecero.es\/?page_id=3071\",\"url\":\"https:\/\/elabuelocervecero.es\/?page_id=3071\",\"name\":\"BREWERIANA - EL ABUELO CERVECERO\",\"isPartOf\":{\"@id\":\"https:\/\/elabuelocervecero.es\/#website\"},\"primaryImageOfPage\":{\"@id\":\"https:\/\/elabuelocervecero.es\/?page_id=3071#primaryimage\"},\"image\":{\"@id\":\"https:\/\/elabuelocervecero.es\/?page_id=3071#primaryimage\"},\"thumbnailUrl\":\"\",\"datePublished\":\"2018-10-18T22:12:25+00:00\",\"dateModified\":\"2022-09-03T17:20:01+00:00\",\"breadcrumb\":{\"@id\":\"https:\/\/elabuelocervecero.es\/?page_id=3071#breadcrumb\"},\"inLanguage\":\"es\",\"potentialAction\":[{\"@type\":\"ReadAction\",\"target\":[\"https:\/\/elabuelocervecero.es\/?page_id=3071\"]}]},{\"@type\":\"ImageObject\",\"inLanguage\":\"es\",\"@id\":\"https:\/\/elabuelocervecero.es\/?page_id=3071#primaryimage\",\"url\":\"\",\"contentUrl\":\"\"},{\"@type\":\"BreadcrumbList\",\"@id\":\"https:\/\/elabuelocervecero.es\/?page_id=3071#breadcrumb\",\"itemListElement\":[{\"@type\":\"ListItem\",\"position\":1,\"name\":\"Portada\",\"item\":\"https:\/\/elabuelocervecero.es\/\"},{\"@type\":\"ListItem\",\"position\":2,\"name\":\"BREWERIANA\"}]},{\"@type\":\"WebSite\",\"@id\":\"https:\/\/elabuelocervecero.es\/#website\",\"url\":\"https:\/\/elabuelocervecero.es\/\",\"name\":\"Museo de la Cerveza\",\"description\":\"Colecci\u00f3n de botellas y vasos de cerveza\",\"potentialAction\":[{\"@type\":\"SearchAction\",\"target\":{\"@type\":\"EntryPoint\",\"urlTemplate\":\"https:\/\/elabuelocervecero.es\/?s={search_term_string}\"},\"query-input\":{\"@type\":\"PropertyValueSpecification\",\"valueRequired\":true,\"valueName\":\"search_term_string\"}}],\"inLanguage\":\"es\"}]}<\/script>\n<!-- \/ Yoast SEO plugin. -->","yoast_head_json":{"title":"BREWERIANA - EL ABUELO CERVECERO","robots":{"index":"index","follow":"follow","max-snippet":"max-snippet:-1","max-image-preview":"max-image-preview:large","max-video-preview":"max-video-preview:-1"},"canonical":"https:\/\/elabuelocervecero.es\/?page_id=3071","og_locale":"es_ES","og_type":"article","og_title":"BREWERIANA - EL ABUELO CERVECERO","og_description":"La Breweriana es la especialidad de coleccionismo referente al mundo de la cerveza, su nombre proviene del t\u00e9rmino Brewery (f\u00e1brica de cerveza). Los coleccionistas de los de Estados Unidos fueron los primeros en utilizar este t\u00e9rmino y a trav\u00e9s de los a\u00f1os se ha ido expandiendo por todo el mundo, en la actualidad existen multitud de aficionados a est\u00e1 tem\u00e1tica del coleccionismo. Mi coleccion breweriana se compone de 8 apartados: Botellas (llenas y vacias) 17.000 Cristaleria (vasos, copas y jarras) 2.500 Posavasos 2.400 Etiquetas 13.000 Chapas 400 Jarras ceramica 21 Latas 136 Otros objetos (llaveros, toallas, libros,&#8230;) 90","og_url":"https:\/\/elabuelocervecero.es\/?page_id=3071","og_site_name":"EL ABUELO CERVECERO","article_publisher":"http:\/\/abuelocervecero","article_modified_time":"2022-09-03T17:20:01+00:00","twitter_card":"summary_large_image","twitter_site":"@ABUELOCERVECERO","twitter_misc":{"Tiempo de lectura":"1 minuto"},"schema":{"@context":"https:\/\/schema.org","@graph":[{"@type":"WebPage","@id":"https:\/\/elabuelocervecero.es\/?page_id=3071","url":"https:\/\/elabuelocervecero.es\/?page_id=3071","name":"BREWERIANA - EL ABUELO CERVECERO","isPartOf":{"@id":"https:\/\/elabuelocervecero.es\/#website"},"primaryImageOfPage":{"@id":"https:\/\/elabuelocervecero.es\/?page_id=3071#primaryimage"},"image":{"@id":"https:\/\/elabuelocervecero.es\/?page_id=3071#primaryimage"},"thumbnailUrl":"","datePublished":"2018-10-18T22:12:25+00:00","dateModified":"2022-09-03T17:20:01+00:00","breadcrumb":{"@id":"https:\/\/elabuelocervecero.es\/?page_id=3071#breadcrumb"},"inLanguage":"es","potentialAction":[{"@type":"ReadAction","target":["https:\/\/elabuelocervecero.es\/?page_id=3071"]}]},{"@type":"ImageObject","inLanguage":"es","@id":"https:\/\/elabuelocervecero.es\/?page_id=3071#primaryimage","url":"","contentUrl":""},{"@type":"BreadcrumbList","@id":"https:\/\/elabuelocervecero.es\/?page_id=3071#breadcrumb","itemListElement":[{"@type":"ListItem","position":1,"name":"Portada","item":"https:\/\/elabuelocervecero.es\/"},{"@type":"ListItem","position":2,"name":"BREWERIANA"}]},{"@type":"WebSite","@id":"https:\/\/elabuelocervecero.es\/#website","url":"https:\/\/elabuelocervecero.es\/","name":"Museo de la Cerveza","description":"Colecci\u00f3n de botellas y vasos de cerveza","potentialAction":[{"@type":"SearchAction","target":{"@type":"EntryPoint","urlTemplate":"https:\/\/elabuelocervecero.es\/?s={search_term_string}"},"query-input":{"@type":"PropertyValueSpecification","valueRequired":true,"valueName":"search_term_string"}}],"inLanguage":"es"}]}},"jetpack_sharing_enabled":true,"jetpack_shortlink":"https:\/\/wp.me\/P5v3y7-Nx","_links":{"self":[{"href":"https:\/\/elabuelocervecero.es\/index.php?rest_route=\/wp\/v2\/pages\/3071"}],"collection":[{"href":"https:\/\/elabuelocervecero.es\/index.php?rest_route=\/wp\/v2\/pages"}],"about":[{"href":"https:\/\/elabuelocervecero.es\/index.php?rest_route=\/wp\/v2\/types\/page"}],"author":[{"embeddable":true,"href":"https:\/\/elabuelocervecero.es\/index.php?rest_route=\/wp\/v2\/users\/1"}],"replies":[{"embeddable":true,"href":"https:\/\/elabuelocervecero.es\/index.php?rest_route=%2Fwp%2Fv2%2Fcomments&post=3071"}],"version-history":[{"count":34,"href":"https:\/\/elabuelocervecero.es\/index.php?rest_route=\/wp\/v2\/pages\/3071\/revisions"}],"predecessor-version":[{"id":8128,"href":"https:\/\/elabuelocervecero.es\/index.php?rest_route=\/wp\/v2\/pages\/3071\/revisions\/8128"}],"wp:featuredmedia":[{"embeddable":true,"href":"https:\/\/elabuelocervecero.es\/index.php?rest_route=\/"}],"wp:attachment":[{"href":"https:\/\/elabuelocervecero.es\/index.php?rest_route=%2Fwp%2Fv2%2Fmedia&parent=3071"}],"curies":[{"name":"wp","href":"https:\/\/api.w.org\/{rel}","templated":true}]}}